{"id":10,"date":"2021-08-07T21:28:13","date_gmt":"2021-08-07T19:28:13","guid":{"rendered":"https:\/\/www.theisland-list.com\/?page_id=10"},"modified":"2022-05-31T19:31:46","modified_gmt":"2022-05-31T17:31:46","slug":"latlas","status":"publish","type":"page","link":"https:\/\/www.theisland-list.com\/fr\/latlas\/","title":{"rendered":"L&rsquo;Atlas des \u00eeles europ\u00e9ennes"},"content":{"rendered":"<p><div class=\"fusion-fullwidth fullwidth-box fusion-builder-row-1 fusion-flex-container nonhundred-percent-fullwidth non-hundred-percent-height-scrolling\" style=\"--awb-border-radius-top-left:0px;--awb-border-radius-top-right:0px;--awb-border-radius-bottom-right:0px;--awb-border-radius-bottom-left:0px;--awb-padding-bottom:55px;--awb-flex-wrap:wrap;\" ><div class=\"fusion-builder-row fusion-row fusion-flex-align-items-flex-start fusion-flex-content-wrap\" style=\"max-width:calc( 1000px + 25px );margin-left: calc(-25px \/ 2 );margin-right: calc(-25px \/ 2 );\"><div class=\"fusion-layout-column fusion_builder_column fusion-builder-column-0 fusion_builder_column_1_1 1_1 fusion-flex-column\" style=\"--awb-bg-size:cover;--awb-width-large:100%;--awb-margin-top-large:0px;--awb-spacing-right-large:12.5px;--awb-margin-bottom-large:25px;--awb-spacing-left-large:12.5px;--awb-width-medium:100%;--awb-order-medium:0;--awb-spacing-right-medium:12.5px;--awb-spacing-left-medium:12.5px;--awb-width-small:100%;--awb-order-small:0;--awb-spacing-right-small:12.5px;--awb-spacing-left-small:12.5px;\"><div class=\"fusion-column-wrapper fusion-column-has-shadow fusion-flex-justify-content-flex-start fusion-content-layout-column\"><div class=\"fusion-title title fusion-title-1 fusion-sep-none fusion-title-center fusion-title-text fusion-title-size-one\" style=\"--awb-text-color:#323232;--awb-margin-top:0px;--awb-margin-right:0px;--awb-margin-bottom:0px;--awb-margin-left:0px;--awb-margin-top-small:0px;--awb-margin-right-small:0px;--awb-margin-bottom-small:20px;--awb-margin-left-small:0px;--awb-font-size:50px;\"><h1 class=\"fusion-title-heading title-heading-center\" style=\"font-family:&quot;BauerBodoniStd-Roman&quot;;font-style:normal;font-weight:400;margin:0;font-size:1em;\">Atlas<\/h1><\/div><div class=\"fusion-title title fusion-title-2 fusion-sep-none fusion-title-center fusion-title-text fusion-title-size-two\" style=\"--awb-text-color:#757575;--awb-margin-top:0px;--awb-margin-right:0px;--awb-margin-left:0px;--awb-margin-top-small:0px;--awb-margin-right-small:0px;--awb-margin-bottom-small:20px;--awb-margin-left-small:0px;--awb-font-size:14px;\"><h2 class=\"fusion-title-heading title-heading-center\" style=\"font-family:&quot;Gotham-Book&quot;;font-style:normal;font-weight:400;margin:0;letter-spacing:3px;font-size:1em;\">des \u00eeles europ\u00e9ennes<\/h2><\/div><\/div><\/div><\/div><\/div><div class=\"fusion-fullwidth fullwidth-box fusion-builder-row-2 fusion-flex-container nonhundred-percent-fullwidth non-hundred-percent-height-scrolling fusion-no-small-visibility\" style=\"--awb-border-radius-top-left:0px;--awb-border-radius-top-right:0px;--awb-border-radius-bottom-right:0px;--awb-border-radius-bottom-left:0px;--awb-flex-wrap:wrap;\" ><div class=\"fusion-builder-row fusion-row fusion-flex-align-items-flex-start fusion-flex-content-wrap\" style=\"max-width:calc( 1000px + 25px );margin-left: calc(-25px \/ 2 );margin-right: calc(-25px \/ 2 );\"><div class=\"fusion-layout-column fusion_builder_column fusion-builder-column-1 fusion_builder_column_1_1 1_1 fusion-flex-column\" style=\"--awb-bg-size:cover;--awb-width-large:100%;--awb-margin-top-large:0px;--awb-spacing-right-large:12.5px;--awb-margin-bottom-large:25px;--awb-spacing-left-large:12.5px;--awb-width-medium:100%;--awb-order-medium:0;--awb-spacing-right-medium:12.5px;--awb-spacing-left-medium:12.5px;--awb-width-small:100%;--awb-order-small:0;--awb-spacing-right-small:12.5px;--awb-spacing-left-small:12.5px;\"><div class=\"fusion-column-wrapper fusion-column-has-shadow fusion-flex-justify-content-flex-start fusion-content-layout-column\"><div class=\"fusion-text fusion-text-1 fusion-text-no-margin\" style=\"--awb-content-alignment:center;--awb-margin-bottom:40px;\"><p>Nous avons cr\u00e9e une carte sur-mesure r\u00e9pertoriant les principales \u00eeles europ\u00e9ennes.<\/p>\n<p>Survolez chaque \u00eele avec votre souris pour en d\u00e9couvrir le nom!<\/p>\n<\/div><div id=\"image-map-pro-3160\"><\/div><\/div><\/div><\/div><\/div><div class=\"fusion-fullwidth fullwidth-box fusion-builder-row-3 fusion-flex-container nonhundred-percent-fullwidth non-hundred-percent-height-scrolling fusion-no-medium-visibility fusion-no-large-visibility\" style=\"--awb-border-radius-top-left:0px;--awb-border-radius-top-right:0px;--awb-border-radius-bottom-right:0px;--awb-border-radius-bottom-left:0px;--awb-flex-wrap:wrap;\" ><div class=\"fusion-builder-row fusion-row fusion-flex-align-items-flex-start fusion-flex-content-wrap\" style=\"max-width:calc( 1000px + 25px );margin-left: calc(-25px \/ 2 );margin-right: calc(-25px \/ 2 );\"><div class=\"fusion-layout-column fusion_builder_column fusion-builder-column-2 fusion_builder_column_1_1 1_1 fusion-flex-column\" style=\"--awb-bg-size:cover;--awb-width-large:100%;--awb-margin-top-large:0px;--awb-spacing-right-large:12.5px;--awb-margin-bottom-large:25px;--awb-spacing-left-large:12.5px;--awb-width-medium:100%;--awb-order-medium:0;--awb-spacing-right-medium:12.5px;--awb-spacing-left-medium:12.5px;--awb-width-small:100%;--awb-order-small:0;--awb-spacing-right-small:12.5px;--awb-spacing-left-small:12.5px;\"><div class=\"fusion-column-wrapper fusion-column-has-shadow fusion-flex-justify-content-flex-start fusion-content-layout-column\"><div class=\"fusion-text fusion-text-2\" style=\"--awb-content-alignment:center;--awb-text-transform:none;--awb-margin-top:20px;\"><p>D\u00e9couvrez le nom de chaque \u00eele<br \/>\nsur la version desktop !<\/p>\n<\/div><\/div><\/div><div class=\"fusion-layout-column fusion_builder_column fusion-builder-column-3 fusion_builder_column_1_1 1_1 fusion-flex-column\" style=\"--awb-bg-image:url(&#039;https:\/\/www.theisland-list.com\/wp-content\/uploads\/atlas_mobile-europe-20220126.jpg&#039;);--awb-bg-position:center center;--awb-bg-size:cover;--awb-width-large:100%;--awb-margin-top-large:0px;--awb-spacing-right-large:12.5px;--awb-margin-bottom-large:25px;--awb-spacing-left-large:12.5px;--awb-width-medium:100%;--awb-order-medium:0;--awb-spacing-right-medium:12.5px;--awb-spacing-left-medium:12.5px;--awb-width-small:100%;--awb-order-small:0;--awb-spacing-right-small:12.5px;--awb-spacing-left-small:12.5px;\"><div class=\"fusion-column-wrapper fusion-column-has-shadow fusion-flex-justify-content-flex-start fusion-content-layout-column fusion-column-has-bg-image\" data-bg-url=\"https:\/\/www.theisland-list.com\/wp-content\/uploads\/atlas_mobile-europe-20220126.jpg\"><div class=\"fusion-image-element \" style=\"--awb-caption-title-font-family:var(--h2_typography-font-family);--awb-caption-title-font-weight:var(--h2_typography-font-weight);--awb-caption-title-font-style:var(--h2_typography-font-style);--awb-caption-title-size:var(--h2_typography-font-size);--awb-caption-title-transform:var(--h2_typography-text-transform);--awb-caption-title-line-height:var(--h2_typography-line-height);--awb-caption-title-letter-spacing:var(--h2_typography-letter-spacing);\"><span class=\" fusion-imageframe imageframe-none imageframe-1 hover-type-none\"><img decoding=\"async\" width=\"2000\" height=\"2296\" title=\"atlas_mobile-europe-textes-20220126\" src=\"https:\/\/www.theisland-list.com\/wp-content\/uploads\/atlas_mobile-europe-textes-20220126.png\" alt class=\"img-responsive wp-image-3744\" srcset=\"https:\/\/www.theisland-list.com\/wp-content\/uploads\/atlas_mobile-europe-textes-20220126-200x230.png 200w, https:\/\/www.theisland-list.com\/wp-content\/uploads\/atlas_mobile-europe-textes-20220126-400x459.png 400w, https:\/\/www.theisland-list.com\/wp-content\/uploads\/atlas_mobile-europe-textes-20220126-600x689.png 600w, https:\/\/www.theisland-list.com\/wp-content\/uploads\/atlas_mobile-europe-textes-20220126-800x918.png 800w, https:\/\/www.theisland-list.com\/wp-content\/uploads\/atlas_mobile-europe-textes-20220126-1200x1378.png 1200w, https:\/\/www.theisland-list.com\/wp-content\/uploads\/atlas_mobile-europe-textes-20220126.png 2000w\" sizes=\"(max-width: 640px) 100vw, 1200px\" \/><\/span><\/div><\/div><\/div><\/div><\/div><\/p>\n","protected":false},"excerpt":{"rendered":"","protected":false},"author":3,"featured_media":0,"parent":0,"menu_order":0,"comment_status":"closed","ping_status":"closed","template":"","meta":{"_acf_changed":false,"footnotes":""},"class_list":["post-10","page","type-page","status-publish","hentry"],"acf":[],"yoast_head":"<!-- This site is optimized with the Yoast SEO plugin v27.4 - https:\/\/yoast.com\/product\/yoast-seo-wordpress\/ -->\n<title>L&#039;Atlas des \u00eeles europ\u00e9ennes - The Island List<\/title>\n<meta name=\"description\" content=\"Nous avons cr\u00e9e une carte sur-mesure r\u00e9pertoriant les principales \u00eeles europ\u00e9ennes. D\u00e9couvrez notre Atlas et r\u00e9visez ainsi votre g\u00e9ographie !\" \/>\n<meta name=\"robots\" content=\"index, follow, max-snippet:-1, max-image-preview:large, max-video-preview:-1\" \/>\n<link rel=\"canonical\" href=\"https:\/\/www.theisland-list.com\/fr\/latlas\/\" \/>\n<meta property=\"og:locale\" content=\"fr_FR\" \/>\n<meta property=\"og:type\" content=\"article\" \/>\n<meta property=\"og:title\" content=\"L&#039;Atlas des \u00eeles europ\u00e9ennes - The Island List\" \/>\n<meta property=\"og:description\" content=\"Nous avons cr\u00e9e une carte sur-mesure r\u00e9pertoriant les principales \u00eeles europ\u00e9ennes. D\u00e9couvrez notre Atlas et r\u00e9visez ainsi votre g\u00e9ographie !\" \/>\n<meta property=\"og:url\" content=\"https:\/\/www.theisland-list.com\/fr\/latlas\/\" \/>\n<meta property=\"og:site_name\" content=\"The Island List\" \/>\n<meta property=\"article:modified_time\" content=\"2022-05-31T17:31:46+00:00\" \/>\n<meta name=\"twitter:card\" content=\"summary_large_image\" \/>\n<meta name=\"twitter:label1\" content=\"Dur\u00e9e de lecture estim\u00e9e\" \/>\n\t<meta name=\"twitter:data1\" content=\"1 minute\" \/>\n<script type=\"application\/ld+json\" class=\"yoast-schema-graph\">{\"@context\":\"https:\\\/\\\/schema.org\",\"@graph\":[{\"@type\":\"WebPage\",\"@id\":\"https:\\\/\\\/www.theisland-list.com\\\/fr\\\/latlas\\\/\",\"url\":\"https:\\\/\\\/www.theisland-list.com\\\/fr\\\/latlas\\\/\",\"name\":\"L'Atlas des \u00eeles europ\u00e9ennes - The Island List\",\"isPartOf\":{\"@id\":\"https:\\\/\\\/www.theisland-list.com\\\/fr\\\/#website\"},\"datePublished\":\"2021-08-07T19:28:13+00:00\",\"dateModified\":\"2022-05-31T17:31:46+00:00\",\"description\":\"Nous avons cr\u00e9e une carte sur-mesure r\u00e9pertoriant les principales \u00eeles europ\u00e9ennes. D\u00e9couvrez notre Atlas et r\u00e9visez ainsi votre g\u00e9ographie !\",\"breadcrumb\":{\"@id\":\"https:\\\/\\\/www.theisland-list.com\\\/fr\\\/latlas\\\/#breadcrumb\"},\"inLanguage\":\"fr-FR\",\"potentialAction\":[{\"@type\":\"ReadAction\",\"target\":[\"https:\\\/\\\/www.theisland-list.com\\\/fr\\\/latlas\\\/\"]}]},{\"@type\":\"BreadcrumbList\",\"@id\":\"https:\\\/\\\/www.theisland-list.com\\\/fr\\\/latlas\\\/#breadcrumb\",\"itemListElement\":[{\"@type\":\"ListItem\",\"position\":1,\"name\":\"Accueil\",\"item\":\"https:\\\/\\\/www.theisland-list.com\\\/fr\\\/\"},{\"@type\":\"ListItem\",\"position\":2,\"name\":\"L&rsquo;Atlas des \u00eeles europ\u00e9ennes\"}]},{\"@type\":\"WebSite\",\"@id\":\"https:\\\/\\\/www.theisland-list.com\\\/fr\\\/#website\",\"url\":\"https:\\\/\\\/www.theisland-list.com\\\/fr\\\/\",\"name\":\"The Island List\",\"description\":\"Les plus belles \u00eeles\",\"publisher\":{\"@id\":\"https:\\\/\\\/www.theisland-list.com\\\/fr\\\/#organization\"},\"potentialAction\":[{\"@type\":\"SearchAction\",\"target\":{\"@type\":\"EntryPoint\",\"urlTemplate\":\"https:\\\/\\\/www.theisland-list.com\\\/fr\\\/?s={search_term_string}\"},\"query-input\":{\"@type\":\"PropertyValueSpecification\",\"valueRequired\":true,\"valueName\":\"search_term_string\"}}],\"inLanguage\":\"fr-FR\"},{\"@type\":\"Organization\",\"@id\":\"https:\\\/\\\/www.theisland-list.com\\\/fr\\\/#organization\",\"name\":\"The Island List\",\"url\":\"https:\\\/\\\/www.theisland-list.com\\\/fr\\\/\",\"logo\":{\"@type\":\"ImageObject\",\"inLanguage\":\"fr-FR\",\"@id\":\"https:\\\/\\\/www.theisland-list.com\\\/fr\\\/#\\\/schema\\\/logo\\\/image\\\/\",\"url\":\"https:\\\/\\\/www.theisland-list.com\\\/wp-content\\\/uploads\\\/ico_512-theislandlist.png\",\"contentUrl\":\"https:\\\/\\\/www.theisland-list.com\\\/wp-content\\\/uploads\\\/ico_512-theislandlist.png\",\"width\":512,\"height\":512,\"caption\":\"The Island List\"},\"image\":{\"@id\":\"https:\\\/\\\/www.theisland-list.com\\\/fr\\\/#\\\/schema\\\/logo\\\/image\\\/\"},\"sameAs\":[\"https:\\\/\\\/www.instagram.com\\\/theislandlist\\\/\"]}]}<\/script>\n<!-- \/ Yoast SEO plugin. -->","yoast_head_json":{"title":"L'Atlas des \u00eeles europ\u00e9ennes - The Island List","description":"Nous avons cr\u00e9e une carte sur-mesure r\u00e9pertoriant les principales \u00eeles europ\u00e9ennes. D\u00e9couvrez notre Atlas et r\u00e9visez ainsi votre g\u00e9ographie !","robots":{"index":"index","follow":"follow","max-snippet":"max-snippet:-1","max-image-preview":"max-image-preview:large","max-video-preview":"max-video-preview:-1"},"canonical":"https:\/\/www.theisland-list.com\/fr\/latlas\/","og_locale":"fr_FR","og_type":"article","og_title":"L'Atlas des \u00eeles europ\u00e9ennes - The Island List","og_description":"Nous avons cr\u00e9e une carte sur-mesure r\u00e9pertoriant les principales \u00eeles europ\u00e9ennes. D\u00e9couvrez notre Atlas et r\u00e9visez ainsi votre g\u00e9ographie !","og_url":"https:\/\/www.theisland-list.com\/fr\/latlas\/","og_site_name":"The Island List","article_modified_time":"2022-05-31T17:31:46+00:00","twitter_card":"summary_large_image","twitter_misc":{"Dur\u00e9e de lecture estim\u00e9e":"1 minute"},"schema":{"@context":"https:\/\/schema.org","@graph":[{"@type":"WebPage","@id":"https:\/\/www.theisland-list.com\/fr\/latlas\/","url":"https:\/\/www.theisland-list.com\/fr\/latlas\/","name":"L'Atlas des \u00eeles europ\u00e9ennes - The Island List","isPartOf":{"@id":"https:\/\/www.theisland-list.com\/fr\/#website"},"datePublished":"2021-08-07T19:28:13+00:00","dateModified":"2022-05-31T17:31:46+00:00","description":"Nous avons cr\u00e9e une carte sur-mesure r\u00e9pertoriant les principales \u00eeles europ\u00e9ennes. D\u00e9couvrez notre Atlas et r\u00e9visez ainsi votre g\u00e9ographie !","breadcrumb":{"@id":"https:\/\/www.theisland-list.com\/fr\/latlas\/#breadcrumb"},"inLanguage":"fr-FR","potentialAction":[{"@type":"ReadAction","target":["https:\/\/www.theisland-list.com\/fr\/latlas\/"]}]},{"@type":"BreadcrumbList","@id":"https:\/\/www.theisland-list.com\/fr\/latlas\/#breadcrumb","itemListElement":[{"@type":"ListItem","position":1,"name":"Accueil","item":"https:\/\/www.theisland-list.com\/fr\/"},{"@type":"ListItem","position":2,"name":"L&rsquo;Atlas des \u00eeles europ\u00e9ennes"}]},{"@type":"WebSite","@id":"https:\/\/www.theisland-list.com\/fr\/#website","url":"https:\/\/www.theisland-list.com\/fr\/","name":"The Island List","description":"Les plus belles \u00eeles","publisher":{"@id":"https:\/\/www.theisland-list.com\/fr\/#organization"},"potentialAction":[{"@type":"SearchAction","target":{"@type":"EntryPoint","urlTemplate":"https:\/\/www.theisland-list.com\/fr\/?s={search_term_string}"},"query-input":{"@type":"PropertyValueSpecification","valueRequired":true,"valueName":"search_term_string"}}],"inLanguage":"fr-FR"},{"@type":"Organization","@id":"https:\/\/www.theisland-list.com\/fr\/#organization","name":"The Island List","url":"https:\/\/www.theisland-list.com\/fr\/","logo":{"@type":"ImageObject","inLanguage":"fr-FR","@id":"https:\/\/www.theisland-list.com\/fr\/#\/schema\/logo\/image\/","url":"https:\/\/www.theisland-list.com\/wp-content\/uploads\/ico_512-theislandlist.png","contentUrl":"https:\/\/www.theisland-list.com\/wp-content\/uploads\/ico_512-theislandlist.png","width":512,"height":512,"caption":"The Island List"},"image":{"@id":"https:\/\/www.theisland-list.com\/fr\/#\/schema\/logo\/image\/"},"sameAs":["https:\/\/www.instagram.com\/theislandlist\/"]}]}},"jetpack_sharing_enabled":true,"_links":{"self":[{"href":"https:\/\/www.theisland-list.com\/fr\/wp-json\/wp\/v2\/pages\/10","targetHints":{"allow":["GET"]}}],"collection":[{"href":"https:\/\/www.theisland-list.com\/fr\/wp-json\/wp\/v2\/pages"}],"about":[{"href":"https:\/\/www.theisland-list.com\/fr\/wp-json\/wp\/v2\/types\/page"}],"author":[{"embeddable":true,"href":"https:\/\/www.theisland-list.com\/fr\/wp-json\/wp\/v2\/users\/3"}],"replies":[{"embeddable":true,"href":"https:\/\/www.theisland-list.com\/fr\/wp-json\/wp\/v2\/comments?post=10"}],"version-history":[{"count":6,"href":"https:\/\/www.theisland-list.com\/fr\/wp-json\/wp\/v2\/pages\/10\/revisions"}],"predecessor-version":[{"id":6037,"href":"https:\/\/www.theisland-list.com\/fr\/wp-json\/wp\/v2\/pages\/10\/revisions\/6037"}],"wp:attachment":[{"href":"https:\/\/www.theisland-list.com\/fr\/wp-json\/wp\/v2\/media?parent=10"}],"curies":[{"name":"wp","href":"https:\/\/api.w.org\/{rel}","templated":true}]}}