{"id":2857,"date":"2022-01-19T08:22:36","date_gmt":"2022-01-19T07:22:36","guid":{"rendered":"https:\/\/www.theisland-list.com\/?page_id=2857"},"modified":"2022-11-10T00:05:57","modified_gmt":"2022-11-09T23:05:57","slug":"la-charte","status":"publish","type":"page","link":"https:\/\/www.theisland-list.com\/fr\/la-charte\/","title":{"rendered":"La charte"},"content":{"rendered":"<p><div class=\"fusion-fullwidth fullwidth-box fusion-builder-row-1 fusion-flex-container nonhundred-percent-fullwidth non-hundred-percent-height-scrolling\" style=\"--awb-border-radius-top-left:0px;--awb-border-radius-top-right:0px;--awb-border-radius-bottom-right:0px;--awb-border-radius-bottom-left:0px;--awb-padding-top:80px;--awb-flex-wrap:wrap;\" ><div class=\"fusion-builder-row fusion-row fusion-flex-align-items-flex-start fusion-flex-content-wrap\" style=\"max-width:calc( 1000px + 25px );margin-left: calc(-25px \/ 2 );margin-right: calc(-25px \/ 2 );\"><div class=\"fusion-layout-column fusion_builder_column fusion-builder-column-0 fusion_builder_column_1_1 1_1 fusion-flex-column\" style=\"--awb-bg-size:cover;--awb-width-large:100%;--awb-margin-top-large:0px;--awb-spacing-right-large:12.5px;--awb-margin-bottom-large:0px;--awb-spacing-left-large:12.5px;--awb-width-medium:100%;--awb-spacing-right-medium:12.5px;--awb-spacing-left-medium:12.5px;--awb-width-small:100%;--awb-spacing-right-small:12.5px;--awb-spacing-left-small:12.5px;\"><div class=\"fusion-column-wrapper fusion-flex-justify-content-flex-start fusion-content-layout-column\"><div class=\"fusion-title title fusion-title-1 fusion-sep-none fusion-title-center fusion-title-text fusion-title-size-one\" style=\"--awb-margin-top:0px;--awb-margin-right:0px;--awb-margin-left:0px;--awb-margin-top-small:0px;--awb-margin-right-small:0px;--awb-margin-bottom-small:20px;--awb-margin-left-small:0px;\"><h1 class=\"fusion-title-heading title-heading-center\" style=\"margin:0;\"><span class=\"BauerBodoniStd\">La<\/span> CHARTE DES ISLANDERS<\/h1><\/div><\/div><\/div><\/div><\/div><div class=\"fusion-fullwidth fullwidth-box fusion-builder-row-2 fusion-flex-container nonhundred-percent-fullwidth non-hundred-percent-height-scrolling\" style=\"--awb-border-radius-top-left:0px;--awb-border-radius-top-right:0px;--awb-border-radius-bottom-right:0px;--awb-border-radius-bottom-left:0px;--awb-padding-top:60px;--awb-padding-bottom:40px;--awb-flex-wrap:wrap;\" ><div class=\"fusion-builder-row fusion-row fusion-flex-align-items-flex-start fusion-flex-justify-content-center fusion-flex-content-wrap\" style=\"max-width:calc( 1000px + 25px );margin-left: calc(-25px \/ 2 );margin-right: calc(-25px \/ 2 );\"><div class=\"fusion-layout-column fusion_builder_column fusion-builder-column-1 fusion_builder_column_5_6 5_6 fusion-flex-column\" style=\"--awb-bg-size:cover;--awb-width-large:83.333333333333%;--awb-margin-top-large:0px;--awb-spacing-right-large:12.5px;--awb-margin-bottom-large:25px;--awb-spacing-left-large:12.5px;--awb-width-medium:83.333333333333%;--awb-order-medium:0;--awb-spacing-right-medium:12.5px;--awb-spacing-left-medium:12.5px;--awb-width-small:100%;--awb-order-small:0;--awb-spacing-right-small:12.5px;--awb-spacing-left-small:12.5px;\"><div class=\"fusion-column-wrapper fusion-column-has-shadow fusion-flex-justify-content-flex-start fusion-content-layout-column\"><div class=\"fusion-text fusion-text-1 fusion-no-small-visibility\" style=\"--awb-text-transform:none;\"><p>Nous partageons ici avec vous les principes que nous essayons d\u2019appliquer au maximum<br \/>\nau quotidien y compris lors de nos voyages. L\u2019objectif est assez simple : avoir un impact positif<br \/>\nsur le plan \u00e9conomique et social des populations locales tout en essayant de minimiser notre impact environnemental.<br \/>\nEn tant que \u00ab r\u00e9cents \u00e9clair\u00e9s \u00bb, notre liste est loin d\u2019\u00eatre exhaustive. Nous esp\u00e9rons cependant que,<br \/>\npour la plupart d\u2019entre vous, elles sembleront d\u2019ores et d\u00e9j\u00e0 \u00e9videntes.<br \/>\nMerci donc par avance pour votre indulgence et n\u2019h\u00e9sitez surtout pas \u00e0 nous partager les v\u00f4tres !<br \/>\nSharing is caring.<\/p>\n<\/div><\/div><\/div><\/div><\/div><div class=\"fusion-fullwidth fullwidth-box fusion-builder-row-3 fusion-flex-container nonhundred-percent-fullwidth non-hundred-percent-height-scrolling\" style=\"--awb-border-radius-top-left:0px;--awb-border-radius-top-right:0px;--awb-border-radius-bottom-right:0px;--awb-border-radius-bottom-left:0px;--awb-flex-wrap:wrap;\" ><div class=\"fusion-builder-row fusion-row fusion-flex-align-items-flex-start fusion-flex-content-wrap\" style=\"max-width:calc( 1000px + 25px );margin-left: calc(-25px \/ 2 );margin-right: calc(-25px \/ 2 );\"><div class=\"fusion-layout-column fusion_builder_column fusion-builder-column-2 fusion_builder_column_1_1 1_1 fusion-flex-column\" style=\"--awb-bg-size:cover;--awb-width-large:100%;--awb-margin-top-large:0px;--awb-spacing-right-large:12.5px;--awb-margin-bottom-large:25px;--awb-spacing-left-large:12.5px;--awb-width-medium:100%;--awb-order-medium:0;--awb-spacing-right-medium:12.5px;--awb-spacing-left-medium:12.5px;--awb-width-small:100%;--awb-order-small:0;--awb-spacing-right-small:12.5px;--awb-spacing-left-small:12.5px;\"><div class=\"fusion-column-wrapper fusion-column-has-shadow fusion-flex-justify-content-flex-start fusion-content-layout-column\"><div class=\"fusion-image-element fusion-no-small-visibility\" style=\"text-align:center;--awb-caption-title-font-family:var(--h2_typography-font-family);--awb-caption-title-font-weight:var(--h2_typography-font-weight);--awb-caption-title-font-style:var(--h2_typography-font-style);--awb-caption-title-size:var(--h2_typography-font-size);--awb-caption-title-transform:var(--h2_typography-text-transform);--awb-caption-title-line-height:var(--h2_typography-line-height);--awb-caption-title-letter-spacing:var(--h2_typography-letter-spacing);\"><span class=\" fusion-imageframe imageframe-none imageframe-1 hover-type-none\"><img decoding=\"async\" width=\"2000\" height=\"576\" title=\"mosaique-la_charte-1\" src=\"https:\/\/www.theisland-list.com\/wp-content\/uploads\/mosaique-la_charte-1.jpg\" alt class=\"img-responsive wp-image-3469\" srcset=\"https:\/\/www.theisland-list.com\/wp-content\/uploads\/mosaique-la_charte-1-200x58.jpg 200w, https:\/\/www.theisland-list.com\/wp-content\/uploads\/mosaique-la_charte-1-400x115.jpg 400w, https:\/\/www.theisland-list.com\/wp-content\/uploads\/mosaique-la_charte-1-600x173.jpg 600w, https:\/\/www.theisland-list.com\/wp-content\/uploads\/mosaique-la_charte-1-800x230.jpg 800w, https:\/\/www.theisland-list.com\/wp-content\/uploads\/mosaique-la_charte-1-1200x346.jpg 1200w, https:\/\/www.theisland-list.com\/wp-content\/uploads\/mosaique-la_charte-1.jpg 2000w\" sizes=\"(max-width: 640px) 100vw, 1200px\" \/><\/span><\/div><div class=\"fusion-image-element fusion-no-medium-visibility fusion-no-large-visibility\" style=\"text-align:center;--awb-caption-title-font-family:var(--h2_typography-font-family);--awb-caption-title-font-weight:var(--h2_typography-font-weight);--awb-caption-title-font-style:var(--h2_typography-font-style);--awb-caption-title-size:var(--h2_typography-font-size);--awb-caption-title-transform:var(--h2_typography-text-transform);--awb-caption-title-line-height:var(--h2_typography-line-height);--awb-caption-title-letter-spacing:var(--h2_typography-letter-spacing);\"><span class=\" fusion-imageframe imageframe-none imageframe-2 hover-type-none\"><img decoding=\"async\" width=\"1554\" height=\"576\" title=\"mosaique_mobile-la_charte-1\" src=\"https:\/\/www.theisland-list.com\/wp-content\/uploads\/mosaique_mobile-la_charte-1.jpg\" alt class=\"img-responsive wp-image-3471\" srcset=\"https:\/\/www.theisland-list.com\/wp-content\/uploads\/mosaique_mobile-la_charte-1-200x74.jpg 200w, https:\/\/www.theisland-list.com\/wp-content\/uploads\/mosaique_mobile-la_charte-1-400x148.jpg 400w, https:\/\/www.theisland-list.com\/wp-content\/uploads\/mosaique_mobile-la_charte-1-600x222.jpg 600w, https:\/\/www.theisland-list.com\/wp-content\/uploads\/mosaique_mobile-la_charte-1-800x297.jpg 800w, https:\/\/www.theisland-list.com\/wp-content\/uploads\/mosaique_mobile-la_charte-1-1200x445.jpg 1200w, https:\/\/www.theisland-list.com\/wp-content\/uploads\/mosaique_mobile-la_charte-1.jpg 1554w\" sizes=\"(max-width: 640px) 100vw, 1200px\" \/><\/span><\/div><\/div><\/div><\/div><\/div><div class=\"fusion-fullwidth fullwidth-box fusion-builder-row-4 fusion-flex-container nonhundred-percent-fullwidth non-hundred-percent-height-scrolling\" style=\"--awb-border-radius-top-left:0px;--awb-border-radius-top-right:0px;--awb-border-radius-bottom-right:0px;--awb-border-radius-bottom-left:0px;--awb-padding-top:60px;--awb-padding-bottom:40px;--awb-flex-wrap:wrap;\" ><div class=\"fusion-builder-row fusion-row fusion-flex-align-items-flex-start fusion-flex-justify-content-center fusion-flex-content-wrap\" style=\"max-width:calc( 1000px + 25px );margin-left: calc(-25px \/ 2 );margin-right: calc(-25px \/ 2 );\"><div class=\"fusion-layout-column fusion_builder_column fusion-builder-column-3 fusion_builder_column_5_6 5_6 fusion-flex-column\" style=\"--awb-bg-size:cover;--awb-width-large:83.333333333333%;--awb-margin-top-large:0px;--awb-spacing-right-large:12.5px;--awb-margin-bottom-large:25px;--awb-spacing-left-large:12.5px;--awb-width-medium:83.333333333333%;--awb-order-medium:0;--awb-spacing-right-medium:12.5px;--awb-spacing-left-medium:12.5px;--awb-width-small:100%;--awb-order-small:0;--awb-spacing-right-small:12.5px;--awb-spacing-left-small:12.5px;\"><div class=\"fusion-column-wrapper fusion-column-has-shadow fusion-flex-justify-content-flex-start fusion-content-layout-column\"><div class=\"fusion-text fusion-text-2\" style=\"--awb-text-transform:none;\"><p><strong>Sur la fa\u00e7on de voyager<\/strong><br \/>\nVoyager vers des destinations plus proches, pour lesquelles on privil\u00e9giera les mobilit\u00e9s douces. Quitte \u00e0 prendre un peu plus de temps pour les trajets.<br \/>\nUn petit Lao Tseu de circonstance \u00ab Le bon voyageur n\u2019a pas d\u2019itin\u00e9raire et n\u2019a pas l\u2019intention d\u2019arriver.\u00bb\u00a0\ud83d\ude04<\/p>\n<p><strong>Sur la destination avant de partir<\/strong><br \/>\no Si on choisit d\u2019aller vers des destinations d\u00e9j\u00e0 fr\u00e9quent\u00e9es, on rep\u00e8re la basse saison. On a besoin de place pour \u00e9taler notre plus belle foutah sur la plage anyway.<br \/>\no On booke notre h\u00e9bergement en direct. Les h\u00e9bergeurs locaux font m\u00eame spontan\u00e9ment un petit discount lorsque l&rsquo;on proc\u00e8de ainsi. Win-win.<\/p>\n<p><strong>Une fois sur place<\/strong><br \/>\no On ralentit la cadence plut\u00f4t que conserver notre fr\u00e9n\u00e9sie habituelle&#8230;<br \/>\no On privil\u00e9gie des activit\u00e9s sans moteur. Le paddle travaillera plus nos abdos fessiers que le jet ski de toute fa\u00e7on.<br \/>\no On s\u2019informe sur les probl\u00e9matiques environnementales locales. En ce qui concerne les \u00eeles, microcosmes fragiles, l\u2019acc\u00e8s \u00e0 l\u2019eau et le tri des d\u00e9chets sont souvent des enjeux majeurs.<br \/>\no Nous sommes venus ici notamment pour le soleil ? Alors on assume et on profite de la chaleur qui va tout naturellement avec, sans la clim.<br \/>\no On garde nos bonnes habitudes. Ce n\u2019est pas parce que nous ne sommes pas chez nous qu\u2019on doit tout oublier. On continue de faire notre march\u00e9 aupr\u00e8s de la ferme locale, notre cabas bien cal\u00e9 sous le bras, notre shampoing solide dans la trousse de toilette et notre cendrier de poche dans le sac de plage. On se d\u00e9place si possible \u00e0 v\u00e9lo ou \u00e0 pied sur les plus petites \u00eeles. Alors oui, on sait qu\u2019avec 2 enfants et 18 valises, c\u2019est parfois compliqu\u00e9 mais la plupart des h\u00e9bergeurs proposent un pick-up \u00e0 l\u2019arriv\u00e9e.<\/p>\n<\/div><\/div><\/div><\/div><\/div><div class=\"fusion-fullwidth fullwidth-box fusion-builder-row-5 fusion-flex-container nonhundred-percent-fullwidth non-hundred-percent-height-scrolling\" style=\"--awb-border-radius-top-left:0px;--awb-border-radius-top-right:0px;--awb-border-radius-bottom-right:0px;--awb-border-radius-bottom-left:0px;--awb-flex-wrap:wrap;\" ><div class=\"fusion-builder-row fusion-row fusion-flex-align-items-flex-start fusion-flex-content-wrap\" style=\"max-width:calc( 1000px + 25px );margin-left: calc(-25px \/ 2 );margin-right: calc(-25px \/ 2 );\"><div class=\"fusion-layout-column fusion_builder_column fusion-builder-column-4 fusion_builder_column_1_1 1_1 fusion-flex-column\" style=\"--awb-bg-size:cover;--awb-width-large:100%;--awb-margin-top-large:0px;--awb-spacing-right-large:12.5px;--awb-margin-bottom-large:25px;--awb-spacing-left-large:12.5px;--awb-width-medium:100%;--awb-order-medium:0;--awb-spacing-right-medium:12.5px;--awb-spacing-left-medium:12.5px;--awb-width-small:100%;--awb-order-small:0;--awb-spacing-right-small:12.5px;--awb-spacing-left-small:12.5px;\"><div class=\"fusion-column-wrapper fusion-column-has-shadow fusion-flex-justify-content-flex-start fusion-content-layout-column\"><div class=\"fusion-image-element fusion-no-small-visibility\" style=\"text-align:center;--awb-caption-title-font-family:var(--h2_typography-font-family);--awb-caption-title-font-weight:var(--h2_typography-font-weight);--awb-caption-title-font-style:var(--h2_typography-font-style);--awb-caption-title-size:var(--h2_typography-font-size);--awb-caption-title-transform:var(--h2_typography-text-transform);--awb-caption-title-line-height:var(--h2_typography-line-height);--awb-caption-title-letter-spacing:var(--h2_typography-letter-spacing);\"><span class=\" fusion-imageframe imageframe-none imageframe-3 hover-type-none\"><img decoding=\"async\" width=\"2000\" height=\"288\" title=\"mosaique-la_charte-2\" src=\"https:\/\/www.theisland-list.com\/wp-content\/uploads\/mosaique-la_charte-2.jpg\" alt class=\"img-responsive wp-image-3473\" srcset=\"https:\/\/www.theisland-list.com\/wp-content\/uploads\/mosaique-la_charte-2-200x29.jpg 200w, https:\/\/www.theisland-list.com\/wp-content\/uploads\/mosaique-la_charte-2-400x58.jpg 400w, https:\/\/www.theisland-list.com\/wp-content\/uploads\/mosaique-la_charte-2-600x86.jpg 600w, https:\/\/www.theisland-list.com\/wp-content\/uploads\/mosaique-la_charte-2-800x115.jpg 800w, https:\/\/www.theisland-list.com\/wp-content\/uploads\/mosaique-la_charte-2-1200x173.jpg 1200w, https:\/\/www.theisland-list.com\/wp-content\/uploads\/mosaique-la_charte-2.jpg 2000w\" sizes=\"(max-width: 640px) 100vw, 1200px\" \/><\/span><\/div><div class=\"fusion-image-element fusion-no-medium-visibility fusion-no-large-visibility\" style=\"text-align:center;--awb-caption-title-font-family:var(--h2_typography-font-family);--awb-caption-title-font-weight:var(--h2_typography-font-weight);--awb-caption-title-font-style:var(--h2_typography-font-style);--awb-caption-title-size:var(--h2_typography-font-size);--awb-caption-title-transform:var(--h2_typography-text-transform);--awb-caption-title-line-height:var(--h2_typography-line-height);--awb-caption-title-letter-spacing:var(--h2_typography-letter-spacing);\"><span class=\" fusion-imageframe imageframe-none imageframe-4 hover-type-none\"><img decoding=\"async\" width=\"1554\" height=\"288\" title=\"mosaique_mobile-la_charte-2\" src=\"https:\/\/www.theisland-list.com\/wp-content\/uploads\/mosaique_mobile-la_charte-2.jpg\" alt class=\"img-responsive wp-image-3475\" srcset=\"https:\/\/www.theisland-list.com\/wp-content\/uploads\/mosaique_mobile-la_charte-2-200x37.jpg 200w, https:\/\/www.theisland-list.com\/wp-content\/uploads\/mosaique_mobile-la_charte-2-400x74.jpg 400w, https:\/\/www.theisland-list.com\/wp-content\/uploads\/mosaique_mobile-la_charte-2-600x111.jpg 600w, https:\/\/www.theisland-list.com\/wp-content\/uploads\/mosaique_mobile-la_charte-2-800x148.jpg 800w, https:\/\/www.theisland-list.com\/wp-content\/uploads\/mosaique_mobile-la_charte-2-1200x222.jpg 1200w, https:\/\/www.theisland-list.com\/wp-content\/uploads\/mosaique_mobile-la_charte-2.jpg 1554w\" sizes=\"(max-width: 640px) 100vw, 1200px\" \/><\/span><\/div><\/div><\/div><\/div><\/div><div class=\"fusion-fullwidth fullwidth-box fusion-builder-row-6 fusion-flex-container nonhundred-percent-fullwidth non-hundred-percent-height-scrolling\" style=\"--awb-border-radius-top-left:0px;--awb-border-radius-top-right:0px;--awb-border-radius-bottom-right:0px;--awb-border-radius-bottom-left:0px;--awb-padding-top:60px;--awb-padding-bottom:40px;--awb-flex-wrap:wrap;\" ><div class=\"fusion-builder-row fusion-row fusion-flex-align-items-flex-start fusion-flex-justify-content-center fusion-flex-content-wrap\" style=\"max-width:calc( 1000px + 25px );margin-left: calc(-25px \/ 2 );margin-right: calc(-25px \/ 2 );\"><div class=\"fusion-layout-column fusion_builder_column fusion-builder-column-5 fusion_builder_column_5_6 5_6 fusion-flex-column\" style=\"--awb-bg-size:cover;--awb-width-large:83.333333333333%;--awb-margin-top-large:0px;--awb-spacing-right-large:12.5px;--awb-margin-bottom-large:25px;--awb-spacing-left-large:12.5px;--awb-width-medium:83.333333333333%;--awb-order-medium:0;--awb-spacing-right-medium:12.5px;--awb-spacing-left-medium:12.5px;--awb-width-small:100%;--awb-order-small:0;--awb-spacing-right-small:12.5px;--awb-spacing-left-small:12.5px;\"><div class=\"fusion-column-wrapper fusion-column-has-shadow fusion-flex-justify-content-flex-start fusion-content-layout-column\"><div class=\"fusion-text fusion-text-3\" style=\"--awb-text-transform:none;\"><p><strong>Pour r\u00e9sumer,<\/strong> on se met en mode citoyen du monde plut\u00f4t que simple touriste de passage.<br \/>\nPour ceux qui le souhaitent, quelques sites pour aller plus loin :<br \/>\nL\u2019incontournable site de l\u2019<em><a href=\"https:\/\/www.ademe.fr\/\">Ademe<\/a><\/em>,<br \/>\nLe site <a href=\"https:\/\/www.greentripper.org\/\"><em>GreenTripper<\/em><\/a> permet de calculer hyper facilement son empreinte \u00e0 chaque d\u00e9placement. Le budget annuel d\u2019\u00e9missions CO2 par personne pour limiter le r\u00e9chauffement \u00e0 2\u00b0C est de 2000Kg\/an. On d\u00e9couvre ainsi par exemple qu\u2019un vol AR Paris\/Palerme en classe \u00e9co est de 0,55T, un AR Paris\/Bangkok est de 3400kg.<br \/>\nLe site <a href=\"https:\/\/www.qqf.fr\/\"><em>Qu\u2019est-ce qu\u2019on fait<\/em><\/a>, avec son ton positif et ses infographies tr\u00e8s p\u00e9dagogiques.<\/p>\n<\/div><\/div><\/div><\/div><\/div><\/p>\n","protected":false},"excerpt":{"rendered":"","protected":false},"author":3,"featured_media":0,"parent":0,"menu_order":0,"comment_status":"closed","ping_status":"closed","template":"","meta":{"_acf_changed":false,"footnotes":""},"class_list":["post-2857","page","type-page","status-publish","hentry"],"acf":[],"yoast_head":"<!-- This site is optimized with the Yoast SEO plugin v27.4 - https:\/\/yoast.com\/product\/yoast-seo-wordpress\/ -->\n<title>La charte des Islanders - The Island List<\/title>\n<meta name=\"description\" content=\"Nous partageons ici avec vous les principes que nous essayons d\u2019appliquer au maximum au quotidien et lors de nos voyages.\" \/>\n<meta name=\"robots\" content=\"index, follow, max-snippet:-1, max-image-preview:large, max-video-preview:-1\" \/>\n<link rel=\"canonical\" href=\"https:\/\/www.theisland-list.com\/fr\/la-charte\/\" \/>\n<meta property=\"og:locale\" content=\"fr_FR\" \/>\n<meta property=\"og:type\" content=\"article\" \/>\n<meta property=\"og:title\" content=\"La charte des Islanders - The Island List\" \/>\n<meta property=\"og:description\" content=\"Nous partageons ici avec vous les principes que nous essayons d\u2019appliquer au maximum au quotidien et lors de nos voyages.\" \/>\n<meta property=\"og:url\" content=\"https:\/\/www.theisland-list.com\/fr\/la-charte\/\" \/>\n<meta property=\"og:site_name\" content=\"The Island List\" \/>\n<meta property=\"article:modified_time\" content=\"2022-11-09T23:05:57+00:00\" \/>\n<meta name=\"twitter:card\" content=\"summary_large_image\" \/>\n<meta name=\"twitter:label1\" content=\"Dur\u00e9e de lecture estim\u00e9e\" \/>\n\t<meta name=\"twitter:data1\" content=\"11 minutes\" \/>\n<script type=\"application\/ld+json\" class=\"yoast-schema-graph\">{\"@context\":\"https:\\\/\\\/schema.org\",\"@graph\":[{\"@type\":\"WebPage\",\"@id\":\"https:\\\/\\\/www.theisland-list.com\\\/fr\\\/la-charte\\\/\",\"url\":\"https:\\\/\\\/www.theisland-list.com\\\/fr\\\/la-charte\\\/\",\"name\":\"La charte des Islanders - The Island List\",\"isPartOf\":{\"@id\":\"https:\\\/\\\/www.theisland-list.com\\\/fr\\\/#website\"},\"datePublished\":\"2022-01-19T07:22:36+00:00\",\"dateModified\":\"2022-11-09T23:05:57+00:00\",\"description\":\"Nous partageons ici avec vous les principes que nous essayons d\u2019appliquer au maximum au quotidien et lors de nos voyages.\",\"breadcrumb\":{\"@id\":\"https:\\\/\\\/www.theisland-list.com\\\/fr\\\/la-charte\\\/#breadcrumb\"},\"inLanguage\":\"fr-FR\",\"potentialAction\":[{\"@type\":\"ReadAction\",\"target\":[\"https:\\\/\\\/www.theisland-list.com\\\/fr\\\/la-charte\\\/\"]}]},{\"@type\":\"BreadcrumbList\",\"@id\":\"https:\\\/\\\/www.theisland-list.com\\\/fr\\\/la-charte\\\/#breadcrumb\",\"itemListElement\":[{\"@type\":\"ListItem\",\"position\":1,\"name\":\"Accueil\",\"item\":\"https:\\\/\\\/www.theisland-list.com\\\/fr\\\/\"},{\"@type\":\"ListItem\",\"position\":2,\"name\":\"La charte\"}]},{\"@type\":\"WebSite\",\"@id\":\"https:\\\/\\\/www.theisland-list.com\\\/fr\\\/#website\",\"url\":\"https:\\\/\\\/www.theisland-list.com\\\/fr\\\/\",\"name\":\"The Island List\",\"description\":\"Les plus belles \u00eeles\",\"publisher\":{\"@id\":\"https:\\\/\\\/www.theisland-list.com\\\/fr\\\/#organization\"},\"potentialAction\":[{\"@type\":\"SearchAction\",\"target\":{\"@type\":\"EntryPoint\",\"urlTemplate\":\"https:\\\/\\\/www.theisland-list.com\\\/fr\\\/?s={search_term_string}\"},\"query-input\":{\"@type\":\"PropertyValueSpecification\",\"valueRequired\":true,\"valueName\":\"search_term_string\"}}],\"inLanguage\":\"fr-FR\"},{\"@type\":\"Organization\",\"@id\":\"https:\\\/\\\/www.theisland-list.com\\\/fr\\\/#organization\",\"name\":\"The Island List\",\"url\":\"https:\\\/\\\/www.theisland-list.com\\\/fr\\\/\",\"logo\":{\"@type\":\"ImageObject\",\"inLanguage\":\"fr-FR\",\"@id\":\"https:\\\/\\\/www.theisland-list.com\\\/fr\\\/#\\\/schema\\\/logo\\\/image\\\/\",\"url\":\"https:\\\/\\\/www.theisland-list.com\\\/wp-content\\\/uploads\\\/ico_512-theislandlist.png\",\"contentUrl\":\"https:\\\/\\\/www.theisland-list.com\\\/wp-content\\\/uploads\\\/ico_512-theislandlist.png\",\"width\":512,\"height\":512,\"caption\":\"The Island List\"},\"image\":{\"@id\":\"https:\\\/\\\/www.theisland-list.com\\\/fr\\\/#\\\/schema\\\/logo\\\/image\\\/\"},\"sameAs\":[\"https:\\\/\\\/www.instagram.com\\\/theislandlist\\\/\"]}]}<\/script>\n<!-- \/ Yoast SEO plugin. -->","yoast_head_json":{"title":"La charte des Islanders - The Island List","description":"Nous partageons ici avec vous les principes que nous essayons d\u2019appliquer au maximum au quotidien et lors de nos voyages.","robots":{"index":"index","follow":"follow","max-snippet":"max-snippet:-1","max-image-preview":"max-image-preview:large","max-video-preview":"max-video-preview:-1"},"canonical":"https:\/\/www.theisland-list.com\/fr\/la-charte\/","og_locale":"fr_FR","og_type":"article","og_title":"La charte des Islanders - The Island List","og_description":"Nous partageons ici avec vous les principes que nous essayons d\u2019appliquer au maximum au quotidien et lors de nos voyages.","og_url":"https:\/\/www.theisland-list.com\/fr\/la-charte\/","og_site_name":"The Island List","article_modified_time":"2022-11-09T23:05:57+00:00","twitter_card":"summary_large_image","twitter_misc":{"Dur\u00e9e de lecture estim\u00e9e":"11 minutes"},"schema":{"@context":"https:\/\/schema.org","@graph":[{"@type":"WebPage","@id":"https:\/\/www.theisland-list.com\/fr\/la-charte\/","url":"https:\/\/www.theisland-list.com\/fr\/la-charte\/","name":"La charte des Islanders - The Island List","isPartOf":{"@id":"https:\/\/www.theisland-list.com\/fr\/#website"},"datePublished":"2022-01-19T07:22:36+00:00","dateModified":"2022-11-09T23:05:57+00:00","description":"Nous partageons ici avec vous les principes que nous essayons d\u2019appliquer au maximum au quotidien et lors de nos voyages.","breadcrumb":{"@id":"https:\/\/www.theisland-list.com\/fr\/la-charte\/#breadcrumb"},"inLanguage":"fr-FR","potentialAction":[{"@type":"ReadAction","target":["https:\/\/www.theisland-list.com\/fr\/la-charte\/"]}]},{"@type":"BreadcrumbList","@id":"https:\/\/www.theisland-list.com\/fr\/la-charte\/#breadcrumb","itemListElement":[{"@type":"ListItem","position":1,"name":"Accueil","item":"https:\/\/www.theisland-list.com\/fr\/"},{"@type":"ListItem","position":2,"name":"La charte"}]},{"@type":"WebSite","@id":"https:\/\/www.theisland-list.com\/fr\/#website","url":"https:\/\/www.theisland-list.com\/fr\/","name":"The Island List","description":"Les plus belles \u00eeles","publisher":{"@id":"https:\/\/www.theisland-list.com\/fr\/#organization"},"potentialAction":[{"@type":"SearchAction","target":{"@type":"EntryPoint","urlTemplate":"https:\/\/www.theisland-list.com\/fr\/?s={search_term_string}"},"query-input":{"@type":"PropertyValueSpecification","valueRequired":true,"valueName":"search_term_string"}}],"inLanguage":"fr-FR"},{"@type":"Organization","@id":"https:\/\/www.theisland-list.com\/fr\/#organization","name":"The Island List","url":"https:\/\/www.theisland-list.com\/fr\/","logo":{"@type":"ImageObject","inLanguage":"fr-FR","@id":"https:\/\/www.theisland-list.com\/fr\/#\/schema\/logo\/image\/","url":"https:\/\/www.theisland-list.com\/wp-content\/uploads\/ico_512-theislandlist.png","contentUrl":"https:\/\/www.theisland-list.com\/wp-content\/uploads\/ico_512-theislandlist.png","width":512,"height":512,"caption":"The Island List"},"image":{"@id":"https:\/\/www.theisland-list.com\/fr\/#\/schema\/logo\/image\/"},"sameAs":["https:\/\/www.instagram.com\/theislandlist\/"]}]}},"jetpack_sharing_enabled":true,"_links":{"self":[{"href":"https:\/\/www.theisland-list.com\/fr\/wp-json\/wp\/v2\/pages\/2857","targetHints":{"allow":["GET"]}}],"collection":[{"href":"https:\/\/www.theisland-list.com\/fr\/wp-json\/wp\/v2\/pages"}],"about":[{"href":"https:\/\/www.theisland-list.com\/fr\/wp-json\/wp\/v2\/types\/page"}],"author":[{"embeddable":true,"href":"https:\/\/www.theisland-list.com\/fr\/wp-json\/wp\/v2\/users\/3"}],"replies":[{"embeddable":true,"href":"https:\/\/www.theisland-list.com\/fr\/wp-json\/wp\/v2\/comments?post=2857"}],"version-history":[{"count":6,"href":"https:\/\/www.theisland-list.com\/fr\/wp-json\/wp\/v2\/pages\/2857\/revisions"}],"predecessor-version":[{"id":7622,"href":"https:\/\/www.theisland-list.com\/fr\/wp-json\/wp\/v2\/pages\/2857\/revisions\/7622"}],"wp:attachment":[{"href":"https:\/\/www.theisland-list.com\/fr\/wp-json\/wp\/v2\/media?parent=2857"}],"curies":[{"name":"wp","href":"https:\/\/api.w.org\/{rel}","templated":true}]}}